{"id":7,"date":"2021-03-23T12:45:52","date_gmt":"2021-03-23T12:45:52","guid":{"rendered":"https:\/\/transplant50.local\/?page_id=7"},"modified":"2021-09-16T19:10:39","modified_gmt":"2021-09-16T19:10:39","slug":"accueil","status":"publish","type":"page","link":"http:\/\/50ans.transplantquebec.ca\/fr\/","title":{"rendered":"Accueil"},"content":{"rendered":"","protected":false},"excerpt":{"rendered":"<p>50 ans d\u2019engagement, d\u2019avanc\u00e9es et de r\u00e9alisations qui m\u00e9ritent d\u2019\u00eatre soulign\u00e9s en grand! Apprenez-en plus sur ces personnalit\u00e9s et \u00e9v\u00e8nements marquants qui ont fa\u00e7onn\u00e9 l\u2019excellence du Qu\u00e9bec en mati\u00e8re de don d\u2019organes et de tissus.<\/p>\n","protected":false},"author":1,"featured_media":562,"parent":0,"menu_order":0,"comment_status":"closed","ping_status":"closed","template":"views\/template-home.blade.php","meta":[],"yoast_head":"<!-- This site is optimized with the Yoast SEO plugin v16.0.2 - https:\/\/yoast.com\/wordpress\/plugins\/seo\/ -->\n<title>Accueil - transplant50<\/title>\n<meta name=\"description\" content=\"Transplant Qu\u00e9bec f\u00eate ses 50 ans cette ann\u00e9e! Un microsite destin\u00e9 \u00e0 souligner 50 ans de d\u00e9vouement par ses ambassadeurs, ainsi que ses avanc\u00e9es, a \u00e9t\u00e9 cr\u00e9\u00e9. Visitez-le d\u00e8s maintenant afin de tout apprendre sur ces premi\u00e8res fois qui ont rendu le Qu\u00e9bec si fier!\" \/>\n<link rel=\"canonical\" href=\"http:\/\/50ans.transplantquebec.ca\/fr\/\" \/>\n<meta property=\"og:locale\" content=\"fr_FR\" \/>\n<meta property=\"og:type\" content=\"article\" \/>\n<meta property=\"og:title\" content=\"Accueil - transplant50\" \/>\n<meta property=\"og:description\" content=\"Transplant Qu\u00e9bec f\u00eate ses 50 ans cette ann\u00e9e! Un microsite destin\u00e9 \u00e0 souligner 50 ans de d\u00e9vouement par ses ambassadeurs, ainsi que ses avanc\u00e9es, a \u00e9t\u00e9 cr\u00e9\u00e9. Visitez-le d\u00e8s maintenant afin de tout apprendre sur ces premi\u00e8res fois qui ont rendu le Qu\u00e9bec si fier!\" \/>\n<meta property=\"og:url\" content=\"http:\/\/50ans.transplantquebec.ca\/fr\/\" \/>\n<meta property=\"og:site_name\" content=\"transplant50\" \/>\n<meta property=\"article:modified_time\" content=\"2021-09-16T19:10:39+00:00\" \/>\n<meta property=\"og:image\" content=\"http:\/\/50ans.transplantquebec.ca\/wp-content\/uploads\/2021\/06\/hero-banner.jpg\" \/>\n\t<meta property=\"og:image:width\" content=\"1080\" \/>\n\t<meta property=\"og:image:height\" content=\"862\" \/>\n<meta name=\"twitter:card\" content=\"summary_large_image\" \/>\n<script type=\"application\/ld+json\" class=\"yoast-schema-graph\">{\"@context\":\"https:\/\/schema.org\",\"@graph\":[{\"@type\":\"WebSite\",\"@id\":\"http:\/\/50ans.transplantquebec.ca\/fr\/#website\",\"url\":\"http:\/\/50ans.transplantquebec.ca\/fr\/\",\"name\":\"transplant50\",\"description\":\"Just another WordPress site\",\"potentialAction\":[{\"@type\":\"SearchAction\",\"target\":\"http:\/\/50ans.transplantquebec.ca\/fr\/?s={search_term_string}\",\"query-input\":\"required name=search_term_string\"}],\"inLanguage\":\"fr-FR\"},{\"@type\":\"ImageObject\",\"@id\":\"http:\/\/50ans.transplantquebec.ca\/fr\/#primaryimage\",\"inLanguage\":\"fr-FR\",\"url\":\"http:\/\/50ans.transplantquebec.ca\/wp-content\/uploads\/2021\/06\/hero-banner.jpg\",\"width\":1080,\"height\":862},{\"@type\":\"WebPage\",\"@id\":\"http:\/\/50ans.transplantquebec.ca\/fr\/#webpage\",\"url\":\"http:\/\/50ans.transplantquebec.ca\/fr\/\",\"name\":\"Accueil - transplant50\",\"isPartOf\":{\"@id\":\"http:\/\/50ans.transplantquebec.ca\/fr\/#website\"},\"primaryImageOfPage\":{\"@id\":\"http:\/\/50ans.transplantquebec.ca\/fr\/#primaryimage\"},\"datePublished\":\"2021-03-23T12:45:52+00:00\",\"dateModified\":\"2021-09-16T19:10:39+00:00\",\"description\":\"Transplant Qu\\u00e9bec f\\u00eate ses 50 ans cette ann\\u00e9e! Un microsite destin\\u00e9 \\u00e0 souligner 50 ans de d\\u00e9vouement par ses ambassadeurs, ainsi que ses avanc\\u00e9es, a \\u00e9t\\u00e9 cr\\u00e9\\u00e9. Visitez-le d\\u00e8s maintenant afin de tout apprendre sur ces premi\\u00e8res fois qui ont rendu le Qu\\u00e9bec si fier!\",\"breadcrumb\":{\"@id\":\"http:\/\/50ans.transplantquebec.ca\/fr\/#breadcrumb\"},\"inLanguage\":\"fr-FR\",\"potentialAction\":[{\"@type\":\"ReadAction\",\"target\":[\"http:\/\/50ans.transplantquebec.ca\/fr\/\"]}]},{\"@type\":\"BreadcrumbList\",\"@id\":\"http:\/\/50ans.transplantquebec.ca\/fr\/#breadcrumb\",\"itemListElement\":[{\"@type\":\"ListItem\",\"position\":1,\"item\":{\"@type\":\"WebPage\",\"@id\":\"https:\/\/50ans.transplantquebec.ca\/fr\/\",\"url\":\"https:\/\/50ans.transplantquebec.ca\/fr\/\",\"name\":\"Home\"}},{\"@type\":\"ListItem\",\"position\":2,\"item\":{\"@type\":\"WebPage\",\"@id\":\"http:\/\/50ans.transplantquebec.ca\/fr\/\",\"url\":\"http:\/\/50ans.transplantquebec.ca\/fr\/\",\"name\":\"Accueil\"}}]}]}<\/script>\n<!-- \/ Yoast SEO plugin. -->","_links":{"self":[{"href":"http:\/\/50ans.transplantquebec.ca\/fr\/wp-json\/wp\/v2\/pages\/7"}],"collection":[{"href":"http:\/\/50ans.transplantquebec.ca\/fr\/wp-json\/wp\/v2\/pages"}],"about":[{"href":"http:\/\/50ans.transplantquebec.ca\/fr\/wp-json\/wp\/v2\/types\/page"}],"author":[{"embeddable":true,"href":"http:\/\/50ans.transplantquebec.ca\/fr\/wp-json\/wp\/v2\/users\/1"}],"replies":[{"embeddable":true,"href":"http:\/\/50ans.transplantquebec.ca\/fr\/wp-json\/wp\/v2\/comments?post=7"}],"version-history":[{"count":17,"href":"http:\/\/50ans.transplantquebec.ca\/fr\/wp-json\/wp\/v2\/pages\/7\/revisions"}],"predecessor-version":[{"id":595,"href":"http:\/\/50ans.transplantquebec.ca\/fr\/wp-json\/wp\/v2\/pages\/7\/revisions\/595"}],"wp:featuredmedia":[{"embeddable":true,"href":"http:\/\/50ans.transplantquebec.ca\/fr\/wp-json\/wp\/v2\/media\/562"}],"wp:attachment":[{"href":"http:\/\/50ans.transplantquebec.ca\/fr\/wp-json\/wp\/v2\/media?parent=7"}],"curies":[{"name":"wp","href":"https:\/\/api.w.org\/{rel}","templated":true}]}}