{"id":125,"date":"2021-03-24T17:58:44","date_gmt":"2021-03-24T17:58:44","guid":{"rendered":"https:\/\/transplant50.local\/?page_id=125"},"modified":"2021-06-10T17:03:57","modified_gmt":"2021-06-10T17:03:57","slug":"mentions-legales","status":"publish","type":"page","link":"https:\/\/50ans.transplantquebec.ca\/fr\/mentions-legales\/","title":{"rendered":"Mentions l\u00e9gales"},"content":{"rendered":"<h2>Veuillez lire cette page attentivement<\/h2>\n<p>Transplant\u00a0 Qu\u00e9bec poss\u00e8de et exploite le site Internet\u00a0 transplantquebec.ca (le \u00ab site Internet \u00bb). Cette page d\u00e9finit les conditions d&rsquo;utilisation du site Internet. En visitant ce site Internet, vous acceptez les conditions d&rsquo;utilisation ci-apr\u00e8s d\u00e9crites. Si vous n&rsquo;acceptez pas les conditions d&rsquo;utilisation, n&rsquo;utilisez pas ce site Internet. Transplant Qu\u00e9bec peut sans pr\u00e9avis modifier ses conditions d&rsquo;utilisation par simple mise \u00e0 jour de cette page.Il vous incombe donc de consulter cette page avant chaque utilisation de ce site Internet afin de prendre connaissance d\u2019\u00e9ventuelles modifications \u00e0 ces conditions.<\/p>\n<p>TRANSPLANT QU\u00c9BEC, 2013-04-01<\/p>\n<h2>1. Droits d&rsquo;auteur et utilisation autoris\u00e9e<\/h2>\n<p>Le contenu du site Internet est prot\u00e9g\u00e9 par le droit d\u2019auteur. Toutefois, Transplant Qu\u00e9bec vous autorise \u00e0 t\u00e9l\u00e9charger et reproduire les documents disponibles sur le site Internet aux conditions suivantes :<\/p>\n<ul>\n<li>Les copies d\u00e9coulant de ce t\u00e9l\u00e9chargement \u00a0et de ces reproductionsdoivent strictement servir aux \u00a0fins priv\u00e9es, informatives et non commerciales, de la personne qui les t\u00e9l\u00e9charge;<\/li>\n<li>Il est interdit de reproduire les cr\u00e9ations graphiques ou les photos disponibles sur ce site Internet sans le texte qui les accompagne, le cas \u00e9ch\u00e9ant,\u00a0 et sans la permission pr\u00e9alable et\u00e9crite de Transplant Qu\u00e9bec;<\/li>\n<li>Il est interdit de modifier, d&rsquo;alt\u00e9rer ou d&rsquo;introduire, de quelque fa\u00e7on que ce soit, des documents, textes, photos ou autres renseignements sur ce site Internet;<\/li>\n<li>Vous devez reproduire les avis relatifs aux droits d&rsquo;auteur de Transplant Qu\u00e9becsur tout document reproduit de quelque fa\u00e7on que ce soit.<\/li>\n<\/ul>\n<h2>2. Exclusion de responsabilit\u00e9<\/h2>\n<p>Transplant\u00a0 Qu\u00e9bec d\u00e9ploiera les efforts n\u00e9cessaires pour que l&rsquo;information disponible sur ce site soit pr\u00e9cise et \u00e0 jour.. En aucun cas, Transplant Qu\u00e9bec ne pourra \u00eatre tenu responsable de tout dommage pouvant d\u00e9couler d&rsquo;une erreur se trouvant sur ce site.<\/p>\n<p>En ce qui a trait \u00e0 l\u2019information de nature m\u00e9dicale contenue dans ce site, aucune personne \u00e0 l\u2019emploi de Transplant Qu\u00e9bec\u00a0 ne\u00a0 r\u00e9pondra \u00e0 des questions m\u00e9dicales concernant votre situation particuli\u00e8re par courrier \u00e9lectronique. Veuillez\u00a0 vous r\u00e9f\u00e9rer \u00e0 votre m\u00e9decin traitant pour des recommandations pr\u00e9cises en mati\u00e8re de traitements.<\/p>\n<p>Transplant\u00a0 Qu\u00e9bec ne pourra \u00eatre tenu responsable de tout dommage pouvant d\u00e9couler de l&rsquo;utilisation de ce site ou de l&rsquo;impossibilit\u00e9 d&rsquo;y acc\u00e9der.<\/p>\n<h2>3. Modifications<\/h2>\n<p>Transplant\u00a0 Qu\u00e9bec se r\u00e9serve le droit de modifier, sans pr\u00e9avis et \u00e0 n&rsquo;importe quel moment, tout renseignement ou document disponible sur le pr\u00e9sent site Internet.<\/p>\n<h2>4. Confidentialit\u00e9<\/h2>\n<p>Compte tenu que la confidentialit\u00e9 des renseignements transmis par courrier \u00e9lectronique ne peut \u00eatre assur\u00e9e, Transplant\u00a0 Qu\u00e9bec vous d\u00e9conseille de lui exp\u00e9dier des renseignements personnels et\/ou confidentiels par courrier \u00e9lectronique. Si vous d\u00e9cidez de nous faire parvenir quand m\u00eame de tels renseignements, vous en assumez enti\u00e8rement les risques et\u00a0 Transplant\u00a0 Qu\u00e9bec ne pourra \u00eatre tenu responsable de bris de confidentialit\u00e9.<\/p>\n<h2>5. Liens<\/h2>\n<p>Transplant\u00a0 Qu\u00e9bec fournit des liens \u00e0 des sites de tiers uniquement comme service pour les personnes qui consultent le pr\u00e9sent site Internet. Transplant Qu\u00e9bec n&rsquo;assume aucune responsabilit\u00e9 \u00e0 l&rsquo;\u00e9gard du contenu de tout site reli\u00e9 au sien et l&rsquo;inclusion d&rsquo;un lien n&rsquo;indique ni ne sous-entend que Transplant Qu\u00e9bec en endosse le contenu.<\/p>\n<p>Il est strictement interdit de cr\u00e9er des liens avec ce site Internet sans l&rsquo;autorisation \u00e9crite de Transplant Qu\u00e9bec. Pour obtenir une telle autorisation, communiquez avec nous \u00e0 l&rsquo;adresse\u00a0<a href=\"mailto:info@hema-quebec.qc.ca\">info@transplant quebec.ca<\/a><\/p>\n<h2>6. Juridiction<\/h2>\n<p>Les pr\u00e9sentes conditions d&rsquo;utilisation seront r\u00e9gies et interpr\u00e9t\u00e9es conform\u00e9ment aux lois de la Province du Qu\u00e9bec (Canada). Tout litige li\u00e9 \u00e0 celles-ci sera soumis \u00e0 la comp\u00e9tence exclusive des tribunaux de la Province de Qu\u00e9bec.<\/p>\n","protected":false},"excerpt":{"rendered":"<p>Veuillez lire cette page attentivement Transplant\u00a0 Qu\u00e9bec poss\u00e8de et exploite le site Internet\u00a0 transplantquebec.ca (le \u00ab site Internet \u00bb). Cette page d\u00e9finit les conditions d&rsquo;utilisation du site Internet. En visitant ce site Internet, vous acceptez les conditions d&rsquo;utilisation ci-apr\u00e8s d\u00e9crites. Si vous n&rsquo;acceptez pas les conditions d&rsquo;utilisation, n&rsquo;utilisez pas ce site Internet. Transplant Qu\u00e9bec peut &hellip; <a href=\"https:\/\/50ans.transplantquebec.ca\/fr\/mentions-legales\/\">Continued<\/a><\/p>\n","protected":false},"author":1,"featured_media":0,"parent":0,"menu_order":0,"comment_status":"closed","ping_status":"closed","template":"views\/template-legal.blade.php","meta":[],"yoast_head":"<!-- This site is optimized with the Yoast SEO plugin v16.0.2 - https:\/\/yoast.com\/wordpress\/plugins\/seo\/ -->\n<title>Mentions l\u00e9gales - transplant50<\/title>\n<link rel=\"canonical\" href=\"https:\/\/50ans.transplantquebec.ca\/fr\/mentions-legales\/\" \/>\n<meta property=\"og:locale\" content=\"fr_FR\" \/>\n<meta property=\"og:type\" content=\"article\" \/>\n<meta property=\"og:title\" content=\"Mentions l\u00e9gales - transplant50\" \/>\n<meta property=\"og:description\" content=\"Veuillez lire cette page attentivement Transplant\u00a0 Qu\u00e9bec poss\u00e8de et exploite le site Internet\u00a0 transplantquebec.ca (le \u00ab site Internet \u00bb). Cette page d\u00e9finit les conditions d&rsquo;utilisation du site Internet. En visitant ce site Internet, vous acceptez les conditions d&rsquo;utilisation ci-apr\u00e8s d\u00e9crites. Si vous n&rsquo;acceptez pas les conditions d&rsquo;utilisation, n&rsquo;utilisez pas ce site Internet. Transplant Qu\u00e9bec peut &hellip; Continued\" \/>\n<meta property=\"og:url\" content=\"https:\/\/50ans.transplantquebec.ca\/fr\/mentions-legales\/\" \/>\n<meta property=\"og:site_name\" content=\"transplant50\" \/>\n<meta property=\"article:modified_time\" content=\"2021-06-10T17:03:57+00:00\" \/>\n<meta name=\"twitter:card\" content=\"summary_large_image\" \/>\n<meta name=\"twitter:label1\" content=\"Est. reading time\">\n\t<meta name=\"twitter:data1\" content=\"3 minutes\">\n<script type=\"application\/ld+json\" class=\"yoast-schema-graph\">{\"@context\":\"https:\/\/schema.org\",\"@graph\":[{\"@type\":\"WebSite\",\"@id\":\"https:\/\/50ans.transplantquebec.ca\/fr\/#website\",\"url\":\"https:\/\/50ans.transplantquebec.ca\/fr\/\",\"name\":\"transplant50\",\"description\":\"Just another WordPress site\",\"potentialAction\":[{\"@type\":\"SearchAction\",\"target\":\"https:\/\/50ans.transplantquebec.ca\/fr\/?s={search_term_string}\",\"query-input\":\"required name=search_term_string\"}],\"inLanguage\":\"fr-FR\"},{\"@type\":\"WebPage\",\"@id\":\"https:\/\/50ans.transplantquebec.ca\/fr\/mentions-legales\/#webpage\",\"url\":\"https:\/\/50ans.transplantquebec.ca\/fr\/mentions-legales\/\",\"name\":\"Mentions l\\u00e9gales - transplant50\",\"isPartOf\":{\"@id\":\"https:\/\/50ans.transplantquebec.ca\/fr\/#website\"},\"datePublished\":\"2021-03-24T17:58:44+00:00\",\"dateModified\":\"2021-06-10T17:03:57+00:00\",\"breadcrumb\":{\"@id\":\"https:\/\/50ans.transplantquebec.ca\/fr\/mentions-legales\/#breadcrumb\"},\"inLanguage\":\"fr-FR\",\"potentialAction\":[{\"@type\":\"ReadAction\",\"target\":[\"https:\/\/50ans.transplantquebec.ca\/fr\/mentions-legales\/\"]}]},{\"@type\":\"BreadcrumbList\",\"@id\":\"https:\/\/50ans.transplantquebec.ca\/fr\/mentions-legales\/#breadcrumb\",\"itemListElement\":[{\"@type\":\"ListItem\",\"position\":1,\"item\":{\"@type\":\"WebPage\",\"@id\":\"https:\/\/50ans.transplantquebec.ca\/fr\/\",\"url\":\"https:\/\/50ans.transplantquebec.ca\/fr\/\",\"name\":\"Home\"}},{\"@type\":\"ListItem\",\"position\":2,\"item\":{\"@type\":\"WebPage\",\"@id\":\"https:\/\/50ans.transplantquebec.ca\/fr\/mentions-legales\/\",\"url\":\"https:\/\/50ans.transplantquebec.ca\/fr\/mentions-legales\/\",\"name\":\"Mentions l\\u00e9gales\"}}]}]}<\/script>\n<!-- \/ Yoast SEO plugin. -->","_links":{"self":[{"href":"https:\/\/50ans.transplantquebec.ca\/fr\/wp-json\/wp\/v2\/pages\/125"}],"collection":[{"href":"https:\/\/50ans.transplantquebec.ca\/fr\/wp-json\/wp\/v2\/pages"}],"about":[{"href":"https:\/\/50ans.transplantquebec.ca\/fr\/wp-json\/wp\/v2\/types\/page"}],"author":[{"embeddable":true,"href":"https:\/\/50ans.transplantquebec.ca\/fr\/wp-json\/wp\/v2\/users\/1"}],"replies":[{"embeddable":true,"href":"https:\/\/50ans.transplantquebec.ca\/fr\/wp-json\/wp\/v2\/comments?post=125"}],"version-history":[{"count":11,"href":"https:\/\/50ans.transplantquebec.ca\/fr\/wp-json\/wp\/v2\/pages\/125\/revisions"}],"predecessor-version":[{"id":512,"href":"https:\/\/50ans.transplantquebec.ca\/fr\/wp-json\/wp\/v2\/pages\/125\/revisions\/512"}],"wp:attachment":[{"href":"https:\/\/50ans.transplantquebec.ca\/fr\/wp-json\/wp\/v2\/media?parent=125"}],"curies":[{"name":"wp","href":"https:\/\/api.w.org\/{rel}","templated":true}]}}