{"id":31,"date":"2021-03-23T18:34:47","date_gmt":"2021-03-23T18:34:47","guid":{"rendered":"https:\/\/transplant50.local\/?page_id=31"},"modified":"2021-06-16T18:00:34","modified_gmt":"2021-06-16T18:00:34","slug":"chronologie","status":"publish","type":"page","link":"https:\/\/50ans.transplantquebec.ca\/fr\/chronologie\/","title":{"rendered":"Ligne du temps"},"content":{"rendered":"","protected":false},"excerpt":{"rendered":"<p>Depuis la premi\u00e8re transplantation d\u2019organes au Qu\u00e9bec, diff\u00e9rents \u00e9v\u00e9nements ont marqu\u00e9 l\u2019histoire du don et de la transplantation. La ligne du temps retrace les faits saillants des 50 derni\u00e8res ann\u00e9es.<\/p>\n","protected":false},"author":1,"featured_media":549,"parent":0,"menu_order":0,"comment_status":"closed","ping_status":"closed","template":"views\/template-timeline.blade.php","meta":[],"yoast_head":"<!-- This site is optimized with the Yoast SEO plugin v16.0.2 - https:\/\/yoast.com\/wordpress\/plugins\/seo\/ -->\n<title>Ligne du temps - transplant50<\/title>\n<link rel=\"canonical\" href=\"https:\/\/50ans.transplantquebec.ca\/fr\/chronologie\/\" \/>\n<meta property=\"og:locale\" content=\"fr_FR\" \/>\n<meta property=\"og:type\" content=\"article\" \/>\n<meta property=\"og:title\" content=\"Ligne du temps - transplant50\" \/>\n<meta property=\"og:description\" content=\"Depuis la premi\u00e8re transplantation d\u2019organes au Qu\u00e9bec, diff\u00e9rents \u00e9v\u00e9nements ont marqu\u00e9 l\u2019histoire du don et de la transplantation. La ligne du temps retrace les faits saillants des 50 derni\u00e8res ann\u00e9es.\" \/>\n<meta property=\"og:url\" content=\"https:\/\/50ans.transplantquebec.ca\/fr\/chronologie\/\" \/>\n<meta property=\"og:site_name\" content=\"transplant50\" \/>\n<meta property=\"article:modified_time\" content=\"2021-06-16T18:00:34+00:00\" \/>\n<meta property=\"og:image\" content=\"https:\/\/50ans.transplantquebec.ca\/wp-content\/uploads\/2021\/06\/ligne-du-temps-cover.jpg\" \/>\n\t<meta property=\"og:image:width\" content=\"900\" \/>\n\t<meta property=\"og:image:height\" content=\"900\" \/>\n<meta name=\"twitter:card\" content=\"summary_large_image\" \/>\n<script type=\"application\/ld+json\" class=\"yoast-schema-graph\">{\"@context\":\"https:\/\/schema.org\",\"@graph\":[{\"@type\":\"WebSite\",\"@id\":\"http:\/\/50ans.transplantquebec.ca\/fr\/#website\",\"url\":\"http:\/\/50ans.transplantquebec.ca\/fr\/\",\"name\":\"transplant50\",\"description\":\"Just another WordPress site\",\"potentialAction\":[{\"@type\":\"SearchAction\",\"target\":\"http:\/\/50ans.transplantquebec.ca\/fr\/?s={search_term_string}\",\"query-input\":\"required name=search_term_string\"}],\"inLanguage\":\"fr-FR\"},{\"@type\":\"ImageObject\",\"@id\":\"https:\/\/50ans.transplantquebec.ca\/fr\/chronologie\/#primaryimage\",\"inLanguage\":\"fr-FR\",\"url\":\"https:\/\/50ans.transplantquebec.ca\/wp-content\/uploads\/2021\/06\/ligne-du-temps-cover.jpg\",\"width\":900,\"height\":900},{\"@type\":\"WebPage\",\"@id\":\"https:\/\/50ans.transplantquebec.ca\/fr\/chronologie\/#webpage\",\"url\":\"https:\/\/50ans.transplantquebec.ca\/fr\/chronologie\/\",\"name\":\"Ligne du temps - transplant50\",\"isPartOf\":{\"@id\":\"http:\/\/50ans.transplantquebec.ca\/fr\/#website\"},\"primaryImageOfPage\":{\"@id\":\"https:\/\/50ans.transplantquebec.ca\/fr\/chronologie\/#primaryimage\"},\"datePublished\":\"2021-03-23T18:34:47+00:00\",\"dateModified\":\"2021-06-16T18:00:34+00:00\",\"breadcrumb\":{\"@id\":\"https:\/\/50ans.transplantquebec.ca\/fr\/chronologie\/#breadcrumb\"},\"inLanguage\":\"fr-FR\",\"potentialAction\":[{\"@type\":\"ReadAction\",\"target\":[\"https:\/\/50ans.transplantquebec.ca\/fr\/chronologie\/\"]}]},{\"@type\":\"BreadcrumbList\",\"@id\":\"https:\/\/50ans.transplantquebec.ca\/fr\/chronologie\/#breadcrumb\",\"itemListElement\":[{\"@type\":\"ListItem\",\"position\":1,\"item\":{\"@type\":\"WebPage\",\"@id\":\"http:\/\/50ans.transplantquebec.ca\/fr\/\",\"url\":\"http:\/\/50ans.transplantquebec.ca\/fr\/\",\"name\":\"Home\"}},{\"@type\":\"ListItem\",\"position\":2,\"item\":{\"@type\":\"WebPage\",\"@id\":\"https:\/\/50ans.transplantquebec.ca\/fr\/chronologie\/\",\"url\":\"https:\/\/50ans.transplantquebec.ca\/fr\/chronologie\/\",\"name\":\"Ligne du temps\"}}]}]}<\/script>\n<!-- \/ Yoast SEO plugin. -->","_links":{"self":[{"href":"https:\/\/50ans.transplantquebec.ca\/fr\/wp-json\/wp\/v2\/pages\/31"}],"collection":[{"href":"https:\/\/50ans.transplantquebec.ca\/fr\/wp-json\/wp\/v2\/pages"}],"about":[{"href":"https:\/\/50ans.transplantquebec.ca\/fr\/wp-json\/wp\/v2\/types\/page"}],"author":[{"embeddable":true,"href":"https:\/\/50ans.transplantquebec.ca\/fr\/wp-json\/wp\/v2\/users\/1"}],"replies":[{"embeddable":true,"href":"https:\/\/50ans.transplantquebec.ca\/fr\/wp-json\/wp\/v2\/comments?post=31"}],"version-history":[{"count":13,"href":"https:\/\/50ans.transplantquebec.ca\/fr\/wp-json\/wp\/v2\/pages\/31\/revisions"}],"predecessor-version":[{"id":571,"href":"https:\/\/50ans.transplantquebec.ca\/fr\/wp-json\/wp\/v2\/pages\/31\/revisions\/571"}],"wp:featuredmedia":[{"embeddable":true,"href":"https:\/\/50ans.transplantquebec.ca\/fr\/wp-json\/wp\/v2\/media\/549"}],"wp:attachment":[{"href":"https:\/\/50ans.transplantquebec.ca\/fr\/wp-json\/wp\/v2\/media?parent=31"}],"curies":[{"name":"wp","href":"https:\/\/api.w.org\/{rel}","templated":true}]}}