{"id":67,"date":"2021-03-24T15:24:31","date_gmt":"2021-03-24T15:24:31","guid":{"rendered":"https:\/\/transplant50.local\/?page_id=67"},"modified":"2021-06-15T18:25:30","modified_gmt":"2021-06-15T18:25:30","slug":"equipe","status":"publish","type":"page","link":"https:\/\/50ans.transplantquebec.ca\/fr\/equipe\/","title":{"rendered":"Personnalit\u00e9s inspirantes"},"content":{"rendered":"","protected":false},"excerpt":{"rendered":"<p>Au fil des 50 derni\u00e8res ann\u00e9es, Transplant Qu\u00e9bec a pu compter sur un nombre incalculable de b\u00e9n\u00e9voles et de professionnels de la sant\u00e9 d\u00e9vou\u00e9s, qui ont contribu\u00e9 \u00e0 accompagner les patients et \u00e0 sauver de nombreuses vies.<\/p>\n","protected":false},"author":1,"featured_media":460,"parent":0,"menu_order":0,"comment_status":"closed","ping_status":"closed","template":"views\/template-team.blade.php","meta":[],"yoast_head":"<!-- This site is optimized with the Yoast SEO plugin v16.0.2 - https:\/\/yoast.com\/wordpress\/plugins\/seo\/ -->\n<title>Personnalit\u00e9s inspirantes - transplant50<\/title>\n<link rel=\"canonical\" href=\"https:\/\/50ans.transplantquebec.ca\/fr\/equipe\/\" \/>\n<meta property=\"og:locale\" content=\"fr_FR\" \/>\n<meta property=\"og:type\" content=\"article\" \/>\n<meta property=\"og:title\" content=\"Personnalit\u00e9s inspirantes - transplant50\" \/>\n<meta property=\"og:description\" content=\"Au fil des 50 derni\u00e8res ann\u00e9es, Transplant Qu\u00e9bec a pu compter sur un nombre incalculable de b\u00e9n\u00e9voles et de professionnels de la sant\u00e9 d\u00e9vou\u00e9s, qui ont contribu\u00e9 \u00e0 accompagner les patients et \u00e0 sauver de nombreuses vies.\" \/>\n<meta property=\"og:url\" content=\"https:\/\/50ans.transplantquebec.ca\/fr\/equipe\/\" \/>\n<meta property=\"og:site_name\" content=\"transplant50\" \/>\n<meta property=\"article:modified_time\" content=\"2021-06-15T18:25:30+00:00\" \/>\n<meta property=\"og:image\" content=\"https:\/\/50ans.transplantquebec.ca\/wp-content\/uploads\/2021\/06\/personnalite-inspirantes-cover-1.jpg\" \/>\n\t<meta property=\"og:image:width\" content=\"573\" \/>\n\t<meta property=\"og:image:height\" content=\"430\" \/>\n<meta name=\"twitter:card\" content=\"summary_large_image\" \/>\n<script type=\"application\/ld+json\" class=\"yoast-schema-graph\">{\"@context\":\"https:\/\/schema.org\",\"@graph\":[{\"@type\":\"WebSite\",\"@id\":\"https:\/\/50ans.transplantquebec.ca\/fr\/#website\",\"url\":\"https:\/\/50ans.transplantquebec.ca\/fr\/\",\"name\":\"transplant50\",\"description\":\"Just another WordPress site\",\"potentialAction\":[{\"@type\":\"SearchAction\",\"target\":\"https:\/\/50ans.transplantquebec.ca\/fr\/?s={search_term_string}\",\"query-input\":\"required name=search_term_string\"}],\"inLanguage\":\"fr-FR\"},{\"@type\":\"ImageObject\",\"@id\":\"https:\/\/50ans.transplantquebec.ca\/fr\/equipe\/#primaryimage\",\"inLanguage\":\"fr-FR\",\"url\":\"https:\/\/50ans.transplantquebec.ca\/wp-content\/uploads\/2021\/06\/personnalite-inspirantes-cover-1.jpg\",\"width\":573,\"height\":430},{\"@type\":\"WebPage\",\"@id\":\"https:\/\/50ans.transplantquebec.ca\/fr\/equipe\/#webpage\",\"url\":\"https:\/\/50ans.transplantquebec.ca\/fr\/equipe\/\",\"name\":\"Personnalit\\u00e9s inspirantes - transplant50\",\"isPartOf\":{\"@id\":\"https:\/\/50ans.transplantquebec.ca\/fr\/#website\"},\"primaryImageOfPage\":{\"@id\":\"https:\/\/50ans.transplantquebec.ca\/fr\/equipe\/#primaryimage\"},\"datePublished\":\"2021-03-24T15:24:31+00:00\",\"dateModified\":\"2021-06-15T18:25:30+00:00\",\"breadcrumb\":{\"@id\":\"https:\/\/50ans.transplantquebec.ca\/fr\/equipe\/#breadcrumb\"},\"inLanguage\":\"fr-FR\",\"potentialAction\":[{\"@type\":\"ReadAction\",\"target\":[\"https:\/\/50ans.transplantquebec.ca\/fr\/equipe\/\"]}]},{\"@type\":\"BreadcrumbList\",\"@id\":\"https:\/\/50ans.transplantquebec.ca\/fr\/equipe\/#breadcrumb\",\"itemListElement\":[{\"@type\":\"ListItem\",\"position\":1,\"item\":{\"@type\":\"WebPage\",\"@id\":\"https:\/\/50ans.transplantquebec.ca\/fr\/\",\"url\":\"https:\/\/50ans.transplantquebec.ca\/fr\/\",\"name\":\"Home\"}},{\"@type\":\"ListItem\",\"position\":2,\"item\":{\"@type\":\"WebPage\",\"@id\":\"https:\/\/50ans.transplantquebec.ca\/fr\/equipe\/\",\"url\":\"https:\/\/50ans.transplantquebec.ca\/fr\/equipe\/\",\"name\":\"Personnalit\\u00e9s inspirantes\"}}]}]}<\/script>\n<!-- \/ Yoast SEO plugin. -->","_links":{"self":[{"href":"https:\/\/50ans.transplantquebec.ca\/fr\/wp-json\/wp\/v2\/pages\/67"}],"collection":[{"href":"https:\/\/50ans.transplantquebec.ca\/fr\/wp-json\/wp\/v2\/pages"}],"about":[{"href":"https:\/\/50ans.transplantquebec.ca\/fr\/wp-json\/wp\/v2\/types\/page"}],"author":[{"embeddable":true,"href":"https:\/\/50ans.transplantquebec.ca\/fr\/wp-json\/wp\/v2\/users\/1"}],"replies":[{"embeddable":true,"href":"https:\/\/50ans.transplantquebec.ca\/fr\/wp-json\/wp\/v2\/comments?post=67"}],"version-history":[{"count":9,"href":"https:\/\/50ans.transplantquebec.ca\/fr\/wp-json\/wp\/v2\/pages\/67\/revisions"}],"predecessor-version":[{"id":566,"href":"https:\/\/50ans.transplantquebec.ca\/fr\/wp-json\/wp\/v2\/pages\/67\/revisions\/566"}],"wp:featuredmedia":[{"embeddable":true,"href":"https:\/\/50ans.transplantquebec.ca\/fr\/wp-json\/wp\/v2\/media\/460"}],"wp:attachment":[{"href":"https:\/\/50ans.transplantquebec.ca\/fr\/wp-json\/wp\/v2\/media?parent=67"}],"curies":[{"name":"wp","href":"https:\/\/api.w.org\/{rel}","templated":true}]}}